{"id":309,"date":"2026-04-14T17:35:02","date_gmt":"2026-04-14T17:35:02","guid":{"rendered":"https:\/\/vaguealame.com\/?page_id=309"},"modified":"2026-04-15T22:53:14","modified_gmt":"2026-04-15T20:53:14","slug":"fragments","status":"publish","type":"page","link":"https:\/\/vaguealame.com\/en\/","title":{"rendered":"Fragments"},"content":{"rendered":"\t\t<div data-elementor-type=\"wp-page\" data-elementor-id=\"309\" class=\"elementor elementor-309\" data-elementor-post-type=\"page\">\n\t\t\t\t<div class=\"elementor-element elementor-element-0662161 e-flex e-con-boxed e-con e-parent\" data-id=\"0662161\" data-element_type=\"container\" data-settings=\"{&quot;jet_parallax_layout_list&quot;:[]}\">\n\t\t\t\t\t<div class=\"e-con-inner\">\n\t\t<div class=\"elementor-element elementor-element-e8b2bed e-con-full e-flex e-con e-child\" data-id=\"e8b2bed\" data-element_type=\"container\" data-settings=\"{&quot;jet_parallax_layout_list&quot;:[]}\">\n\t\t\t\t<div class=\"elementor-element elementor-element-f55529c elementor-widget elementor-widget-heading\" data-id=\"f55529c\" data-element_type=\"widget\" data-widget_type=\"heading.default\">\n\t\t\t\t<div class=\"elementor-widget-container\">\n\t\t\t\t\t<h2 class=\"elementor-heading-title elementor-size-default\">Il est urgent de ralentir.<\/h2>\t\t\t\t<\/div>\n\t\t\t\t<\/div>\n\t\t\t\t<div class=\"elementor-element elementor-element-8518244 elementor-widget elementor-widget-text-editor\" data-id=\"8518244\" data-element_type=\"widget\" data-widget_type=\"text-editor.default\">\n\t\t\t\t<div class=\"elementor-widget-container\">\n\t\t\t\t\t\t\t\t\t<p>Parce qu&rsquo;\u00e0 trop courir on s&rsquo;essouffle. <em>Et j&rsquo;ai un sifflement au c\u0153ur depuis de trop longues ann\u00e9es.<\/em><\/p><p>Pour tout vous dire, cela fait maintenant <strong>6 ans que je vous \u00e9cris<\/strong>. Et qu&rsquo;apr\u00e8s m&rsquo;\u00eatre dit que je le faisais mal sur papier,<strong> 6 ans que je vous parle<\/strong>. 6 ans que mon journal intime est ouvert sur la table \u00e0 manger du monde. Que tout le monde peut le feuilleter, en arracher des pages, se l&rsquo;approprier. Emprunter mes lettres, mes d\u00e9clarations d&rsquo;Amour ou de fatigue. <strong>6 ans que je me dilapide pour m&rsquo;oublier.<\/strong><\/p><p>Ce projet aura donc mis <strong>2190 jours \u00e0 voir le sien<\/strong>.<\/p><p>J&rsquo;ai publi\u00e9 deux livres. Et tellement d&rsquo;autres qui n&rsquo;ont jamais vu le jour. <strong>Parce que j&rsquo;ai peur de figer<\/strong> les choses apr\u00e8s les avoir vomis dans mon coin. Parce que je commence sans jamais finir, parce que je ne fais rien pour moi, et que je pr\u00e9f\u00e8re m&rsquo;aboutir au travers des autres.<\/p><p><strong>Alors voici \u00ab\u00a0Fragments\u00a0\u00bb.<\/strong> Un rendez-vous mensuel qui se veut pseudo-galant, o\u00f9 la fadeur s&rsquo;invite et se porte en parfum.<\/p><p>Tous les mois, dans une belle enveloppe manille, vous recevrez un chapitre de mon livre \u00e9ponyme, broch\u00e9-piqu\u00e9 de mes mains <em>(oui)<\/em>, sign\u00e9 et num\u00e9rot\u00e9. Ainsi que la version audio de ce chapitre et qu&rsquo;une pi\u00e8ce d&rsquo;un puzzle <em>(litt\u00e9ralement)<\/em> \u00e0 reconstruire.<\/p>\t\t\t\t\t\t\t\t<\/div>\n\t\t\t\t<\/div>\n\t\t\t\t<\/div>\n\t\t<div class=\"elementor-element elementor-element-cd64cad e-con-full e-flex e-con e-child\" data-id=\"cd64cad\" data-element_type=\"container\" data-settings=\"{&quot;jet_parallax_layout_list&quot;:[]}\">\n\t\t\t\t<div class=\"elementor-element elementor-element-80f6456 elementor-widget elementor-widget-image\" data-id=\"80f6456\" data-element_type=\"widget\" data-widget_type=\"image.default\">\n\t\t\t\t<div class=\"elementor-widget-container\">\n\t\t\t\t\t\t\t\t\t\t\t\t\t\t\t<img fetchpriority=\"high\" decoding=\"async\" width=\"800\" height=\"800\" src=\"https:\/\/vaguealame.com\/wp-content\/uploads\/2026\/04\/Projet-Fragment-1024x1024.jpg\" class=\"attachment-large size-large wp-image-311\" alt=\"\" srcset=\"https:\/\/vaguealame.com\/wp-content\/uploads\/2026\/04\/Projet-Fragment-1024x1024.jpg 1024w, https:\/\/vaguealame.com\/wp-content\/uploads\/2026\/04\/Projet-Fragment-300x300.jpg 300w, https:\/\/vaguealame.com\/wp-content\/uploads\/2026\/04\/Projet-Fragment-150x150.jpg 150w, https:\/\/vaguealame.com\/wp-content\/uploads\/2026\/04\/Projet-Fragment-768x768.jpg 768w, https:\/\/vaguealame.com\/wp-content\/uploads\/2026\/04\/Projet-Fragment-1536x1536.jpg 1536w, https:\/\/vaguealame.com\/wp-content\/uploads\/2026\/04\/Projet-Fragment-600x600.jpg 600w, https:\/\/vaguealame.com\/wp-content\/uploads\/2026\/04\/Projet-Fragment-100x100.jpg 100w, https:\/\/vaguealame.com\/wp-content\/uploads\/2026\/04\/Projet-Fragment.jpg 1546w\" sizes=\"(max-width: 800px) 100vw, 800px\" \/>\t\t\t\t\t\t\t\t\t\t\t\t\t\t\t<\/div>\n\t\t\t\t<\/div>\n\t\t\t\t<\/div>\n\t\t\t\t\t<\/div>\n\t\t\t\t<\/div>\n\t\t<div class=\"elementor-element elementor-element-6eb8c42 e-flex e-con-boxed e-con e-parent\" data-id=\"6eb8c42\" data-element_type=\"container\" data-settings=\"{&quot;jet_parallax_layout_list&quot;:[]}\">\n\t\t\t\t\t<div class=\"e-con-inner\">\n\t\t\t\t<div class=\"elementor-element elementor-element-665381a elementor-widget elementor-widget-text-editor\" data-id=\"665381a\" data-element_type=\"widget\" data-widget_type=\"text-editor.default\">\n\t\t\t\t<div class=\"elementor-widget-container\">\n\t\t\t\t\t\t\t\t\t<p>Si mes posts sur les r\u00e9seaux vous ont un jour provoqu\u00e9 quelques \u00e9motions, je crois que ce nouveau chapitre est une parenth\u00e8se d&rsquo;autant plus douce.<\/p><p><strong>Plus vous attendrez, plus votre puzzle manquera de pi\u00e8ces.<\/strong><\/p><p>Je ne sais pas o\u00f9 je vais, mais j&rsquo;y vais avec toute la folie de ceux qui voudront m&rsquo;y rejoindre.<\/p>\t\t\t\t\t\t\t\t<\/div>\n\t\t\t\t<\/div>\n\t\t\t\t<div class=\"elementor-element elementor-element-c9de392 elementor-widget-divider--view-line elementor-widget elementor-widget-divider\" data-id=\"c9de392\" data-element_type=\"widget\" data-widget_type=\"divider.default\">\n\t\t\t\t<div class=\"elementor-widget-container\">\n\t\t\t\t\t\t\t<div class=\"elementor-divider\">\n\t\t\t<span class=\"elementor-divider-separator\">\n\t\t\t\t\t\t<\/span>\n\t\t<\/div>\n\t\t\t\t\t\t<\/div>\n\t\t\t\t<\/div>\n\t\t\t\t<div class=\"elementor-element elementor-element-733669a elementor-widget elementor-widget-text-editor\" data-id=\"733669a\" data-element_type=\"widget\" data-widget_type=\"text-editor.default\">\n\t\t\t\t<div class=\"elementor-widget-container\">\n\t\t\t\t\t\t\t\t\t<p>Non-french speakers, the international version of this subscription will get you all of the above but doubled with english, so you can ride along.<\/p><p>Meaning the book you will recieve will have double the pages, french on one side, english on the other.<\/p>\t\t\t\t\t\t\t\t<\/div>\n\t\t\t\t<\/div>\n\t\t\t\t\t<\/div>\n\t\t\t\t<\/div>\n\t\t<div class=\"elementor-element elementor-element-c596d3b e-flex e-con-boxed e-con e-parent\" data-id=\"c596d3b\" data-element_type=\"container\" data-settings=\"{&quot;background_background&quot;:&quot;classic&quot;,&quot;jet_parallax_layout_list&quot;:[]}\">\n\t\t\t\t\t<div class=\"e-con-inner\">\n\t\t\t\t<div class=\"elementor-element elementor-element-f424e8e elementor-widget elementor-widget-heading\" data-id=\"f424e8e\" data-element_type=\"widget\" data-widget_type=\"heading.default\">\n\t\t\t\t<div class=\"elementor-widget-container\">\n\t\t\t\t\t<h5 class=\"elementor-heading-title elementor-size-default\">Inscrivez-vous avant le 15 mai pour recevoir la premi\u00e8re pi\u00e8ce du puzzle.<\/h5>\t\t\t\t<\/div>\n\t\t\t\t<\/div>\n\t\t\t\t<div class=\"elementor-element elementor-element-afc08a1 elementor-widget elementor-widget-heading\" data-id=\"afc08a1\" data-element_type=\"widget\" data-widget_type=\"heading.default\">\n\t\t\t\t<div class=\"elementor-widget-container\">\n\t\t\t\t\t<h6 class=\"elementor-heading-title elementor-size-default\">La version reli\u00e9e hardcover, sign\u00e9e et annot\u00e9e offerte \u00e0 tous les abonnements annuels une fois cette saison 1 termin\u00e9e.<\/h6>\t\t\t\t<\/div>\n\t\t\t\t<\/div>\n\t\t<div class=\"elementor-element elementor-element-03c9932 e-con-full e-flex e-con e-child\" data-id=\"03c9932\" data-element_type=\"container\" data-settings=\"{&quot;background_background&quot;:&quot;classic&quot;,&quot;jet_parallax_layout_list&quot;:[]}\">\n\t\t\t\t<div class=\"elementor-element elementor-element-f3112d0 elementor-widget elementor-widget-shortcode\" data-id=\"f3112d0\" data-element_type=\"widget\" data-widget_type=\"shortcode.default\">\n\t\t\t\t<div class=\"elementor-widget-container\">\n\t\t\t\t\t\t\t<div class=\"elementor-shortcode\">        <div class=\"snailclub-container snailclub-style-configurator\"\n             data-plans='[{&quot;id&quot;:2,&quot;name&quot;:&quot;Version Fran\\u00e7aise - France - Mensuel&quot;,&quot;description&quot;:&quot;&quot;,&quot;price&quot;:12.5,&quot;currency&quot;:&quot;EUR&quot;,&quot;language&quot;:&quot;fr&quot;,&quot;zone&quot;:&quot;france&quot;,&quot;billing_type&quot;:&quot;monthly&quot;},{&quot;id&quot;:6,&quot;name&quot;:&quot;Version Bilingue - France - Mensuel&quot;,&quot;description&quot;:&quot;&quot;,&quot;price&quot;:14.5,&quot;currency&quot;:&quot;EUR&quot;,&quot;language&quot;:&quot;bilingual&quot;,&quot;zone&quot;:&quot;france&quot;,&quot;billing_type&quot;:&quot;monthly&quot;},{&quot;id&quot;:9,&quot;name&quot;:&quot;Version Fran\\u00e7aise - France - Mensuel&quot;,&quot;description&quot;:&quot;&quot;,&quot;price&quot;:16.5,&quot;currency&quot;:&quot;EUR&quot;,&quot;language&quot;:&quot;fr&quot;,&quot;zone&quot;:&quot;international&quot;,&quot;billing_type&quot;:&quot;monthly&quot;},{&quot;id&quot;:4,&quot;name&quot;:&quot;Version Bilingue - International - Mensuel&quot;,&quot;description&quot;:&quot;&quot;,&quot;price&quot;:18.5,&quot;currency&quot;:&quot;EUR&quot;,&quot;language&quot;:&quot;bilingual&quot;,&quot;zone&quot;:&quot;international&quot;,&quot;billing_type&quot;:&quot;monthly&quot;},{&quot;id&quot;:3,&quot;name&quot;:&quot;Version Fran\\u00e7aise - France - 12 mois&quot;,&quot;description&quot;:&quot;&quot;,&quot;price&quot;:125,&quot;currency&quot;:&quot;EUR&quot;,&quot;language&quot;:&quot;fr&quot;,&quot;zone&quot;:&quot;france&quot;,&quot;billing_type&quot;:&quot;annual&quot;},{&quot;id&quot;:7,&quot;name&quot;:&quot;Version Bilingue - France - 12 mois&quot;,&quot;description&quot;:&quot;&quot;,&quot;price&quot;:145,&quot;currency&quot;:&quot;EUR&quot;,&quot;language&quot;:&quot;bilingual&quot;,&quot;zone&quot;:&quot;france&quot;,&quot;billing_type&quot;:&quot;annual&quot;},{&quot;id&quot;:8,&quot;name&quot;:&quot;Version Fran\\u00e7aise - International - 12 mois&quot;,&quot;description&quot;:&quot;&quot;,&quot;price&quot;:165,&quot;currency&quot;:&quot;EUR&quot;,&quot;language&quot;:&quot;fr&quot;,&quot;zone&quot;:&quot;international&quot;,&quot;billing_type&quot;:&quot;annual&quot;},{&quot;id&quot;:5,&quot;name&quot;:&quot;Version Bilingue - International - 12 mois&quot;,&quot;description&quot;:&quot;&quot;,&quot;price&quot;:185,&quot;currency&quot;:&quot;EUR&quot;,&quot;language&quot;:&quot;bilingual&quot;,&quot;zone&quot;:&quot;international&quot;,&quot;billing_type&quot;:&quot;annual&quot;}]'\n             data-enable-geo=\"1\"\n             data-show-savings=\"1\"\n             data-savings-text=\"\u00c9conomisez {pct}%\"\n             data-savings-color=\"#000000\"\n             data-savings-bg=\"#f0f0f0\"\n             style=\"--sc-cfg-accent:#383838;--sc-cfg-radius:2px;--sc-cfg-border-width:1px;--sc-cfg-border-color:#c7c7c7;--sc-cfg-card-bg:#ffffff;--sc-cfg-img-height:120px;--sc-cfg-img-bg:transparent;--sc-cfg-back-color:#a6a6a6;--sc-cfg-back-hover:#8a8a8a;\">\n\n            \n            \n            <!-- Step progress indicator -->\n            <div class=\"snailclub-cfg-steps\">\n                                <div class=\"snailclub-cfg-step\" data-step=\"language\">\n                    <div class=\"snailclub-cfg-step-num\">1<\/div>\n                    <div class=\"snailclub-cfg-step-label\">Version<\/div>\n                <\/div>\n                                <div class=\"snailclub-cfg-step\" data-step=\"zone\">\n                    <div class=\"snailclub-cfg-step-num\">2<\/div>\n                    <div class=\"snailclub-cfg-step-label\">Exp\u00e9dition<\/div>\n                <\/div>\n                <div class=\"snailclub-cfg-step\" data-step=\"billing\">\n                    <div class=\"snailclub-cfg-step-num\">3<\/div>\n                    <div class=\"snailclub-cfg-step-label\">Formule<\/div>\n                <\/div>\n            <\/div>\n\n            <!-- \u2550\u2550 PAGE 1 \u2014 Language (only when multiple languages exist) \u2550\u2550 -->\n                        <div class=\"snailclub-cfg-page\" data-panel=\"language\">\n                <p class=\"snailclub-cfg-question\">Quelle version de mes fragments souhaitez-vous ?<\/p>\n                <div class=\"snailclub-cfg-cards\">\n                                <div class=\"snailclub-cfg-card\" data-dim=\"language\" data-value=\"fr\">\n                <div class=\"snailclub-cfg-card-image\">\n                                            <img decoding=\"async\" src=\"https:\/\/vaguealame.com\/wp-content\/uploads\/2026\/04\/scotch1.webp\" alt=\"Fragment en fran\u00e7ais\" loading=\"lazy\">\n                                    <\/div>\n                <div class=\"snailclub-cfg-card-body\">\n                    <p class=\"snailclub-cfg-card-name\">Fragment en fran\u00e7ais<\/p>\n                                            <p class=\"snailclub-cfg-card-desc\">Vous recevrez chaque fragment dans son \u00e9dition originale et uniquement en fran\u00e7ais.<\/p>\n                                    <\/div>\n                <div class=\"snailclub-cfg-card-footer\">\n                    <div class=\"snailclub-cfg-card-cta\">Choisir<\/div>\n                <\/div>\n            <\/div>\n                    <div class=\"snailclub-cfg-card\" data-dim=\"language\" data-value=\"bilingual\">\n                <div class=\"snailclub-cfg-card-image\">\n                                            <img decoding=\"async\" src=\"https:\/\/vaguealame.com\/wp-content\/uploads\/2026\/04\/Scotch2.webp\" alt=\"Fragments traduits\" loading=\"lazy\">\n                                    <\/div>\n                <div class=\"snailclub-cfg-card-body\">\n                    <p class=\"snailclub-cfg-card-name\">Fragments traduits<\/p>\n                                            <p class=\"snailclub-cfg-card-desc\">Vous recevrez chaque fragment avec le double de page, le fran\u00e7ais faisant face \u00e0 l&#039;anglais.<\/p>\n                                    <\/div>\n                <div class=\"snailclub-cfg-card-footer\">\n                    <div class=\"snailclub-cfg-card-cta\">Choisir<\/div>\n                <\/div>\n            <\/div>\n                        <\/div>\n            <\/div>\n            \n            <!-- \u2550\u2550 PAGE 2 \u2014 Zone \u2550\u2550 -->\n            <div class=\"snailclub-cfg-page\" data-panel=\"zone\">\n                <p class=\"snailclub-cfg-question\">O\u00f9 dois-je vous envoyer mes fragments ?<\/p>\n                <p class=\"snailclub-cfg-geo-hint\" style=\"display:none;\">\n                    \ud83d\udccd Merci de s\u00e9lectionner le bon territoire (malheureusement l&#039;envoi co\u00fbte cher)                <\/p>\n                <div class=\"snailclub-cfg-cards\">\n                                <div class=\"snailclub-cfg-card\" data-dim=\"zone\" data-value=\"france\">\n                <div class=\"snailclub-cfg-card-image\">\n                                            <img decoding=\"async\" src=\"https:\/\/vaguealame.com\/wp-content\/uploads\/2026\/04\/scotch1.webp\" alt=\"Je me fais livrer en France\" loading=\"lazy\">\n                                    <\/div>\n                <div class=\"snailclub-cfg-card-body\">\n                    <p class=\"snailclub-cfg-card-name\">Je me fais livrer en France<\/p>\n                                            <p class=\"snailclub-cfg-card-desc\">France m\u00e9tropolitaine &amp; DOM-TOM<\/p>\n                                    <\/div>\n                <div class=\"snailclub-cfg-card-footer\">\n                    <div class=\"snailclub-cfg-card-cta\">Choisir<\/div>\n                <\/div>\n            <\/div>\n                    <div class=\"snailclub-cfg-card\" data-dim=\"zone\" data-value=\"international\">\n                <div class=\"snailclub-cfg-card-image\">\n                                            <img decoding=\"async\" src=\"https:\/\/vaguealame.com\/wp-content\/uploads\/2026\/04\/Scotch2.webp\" alt=\"Je me fais livrer \u00e0 l&#039;\u00e9tranger\" loading=\"lazy\">\n                                    <\/div>\n                <div class=\"snailclub-cfg-card-body\">\n                    <p class=\"snailclub-cfg-card-name\">Je me fais livrer \u00e0 l&#039;\u00e9tranger<\/p>\n                                            <p class=\"snailclub-cfg-card-desc\">Europe et le reste du monde<\/p>\n                                    <\/div>\n                <div class=\"snailclub-cfg-card-footer\">\n                    <div class=\"snailclub-cfg-card-cta\">Choisir<\/div>\n                <\/div>\n            <\/div>\n                        <\/div>\n            <\/div>\n\n            <!-- \u2550\u2550 PAGE 3 \u2014 Billing (each card has its own subscribe button) \u2550\u2550 -->\n            <div class=\"snailclub-cfg-page\" data-panel=\"billing\">\n                <p class=\"snailclub-cfg-question\">Quelle formule ?<\/p>\n                <div class=\"snailclub-cfg-cards\">\n\n                                        <div class=\"snailclub-cfg-billing-card\" data-value=\"monthly\"\n                         data-desc-override=\"L&#039;\u00e9dition reli\u00e9e, sign\u00e9e et annot\u00e9e du livre offerte \u00e0 la fin de sa saison 1 si vous restez abonn\u00e9 12 mois.\">\n                                                <div class=\"snailclub-cfg-card-image\">\n                            <img decoding=\"async\" src=\"https:\/\/vaguealame.com\/wp-content\/uploads\/2026\/04\/scotch1.webp\" alt=\"Mensuel\" loading=\"lazy\">\n                        <\/div>\n                                                <div class=\"snailclub-cfg-card-body\">\n                            <p class=\"snailclub-cfg-card-type\">Mensuel<\/p>\n                            <div class=\"snailclub-cfg-card-price-block\">\n                                <span class=\"snailclub-cfg-card-price js-price\">\u2014<\/span>\n                                <div class=\"snailclub-cfg-card-period\">\/&nbsp;mois<\/div>\n                            <\/div>\n                            <p class=\"snailclub-cfg-card-desc js-desc\"><\/p>\n                        <\/div>\n                        <div class=\"snailclub-cfg-card-footer\">\n                            <button class=\"snailclub-subscribe-btn\" data-plan-id=\"\" type=\"button\" disabled>\n                                <span class=\"snailclub-btn-text\">Recevoir &quot;Fragments&quot; mois par mois<\/span>\n                                <span class=\"snailclub-btn-loading\" style=\"display:none;\">Redirection\u2026<\/span>\n                            <\/button>\n                        <\/div>\n                    <\/div>\n                    \n                                        <div class=\"snailclub-cfg-billing-card\" data-value=\"annual\"\n                         data-desc-override=\"L&#039;\u00e9dition reli\u00e9e, sign\u00e9e et annot\u00e9e du livre offerte \u00e0 la fin de sa saison 1.\">\n                        <span class=\"snailclub-savings-badge\" style=\"display:none;\"><\/span>\n                                                <div class=\"snailclub-cfg-card-image\">\n                            <img decoding=\"async\" src=\"https:\/\/vaguealame.com\/wp-content\/uploads\/2026\/04\/Scotch2.webp\" alt=\"Annuel\" loading=\"lazy\">\n                        <\/div>\n                                                <div class=\"snailclub-cfg-card-body\">\n                            <p class=\"snailclub-cfg-card-type\">Annuel<\/p>\n                            <div class=\"snailclub-cfg-card-price-block\">\n                                <span class=\"snailclub-cfg-card-price js-price\">\u2014<\/span>\n                                <div class=\"snailclub-cfg-card-period\">\/&nbsp;mois<\/div>\n                            <\/div>\n                            <p class=\"snailclub-cfg-card-billed js-billed\" style=\"display:none;\"><\/p>\n                            <p class=\"snailclub-cfg-card-desc js-desc\"><\/p>\n                        <\/div>\n                        <div class=\"snailclub-cfg-card-footer\">\n                            <button class=\"snailclub-subscribe-btn\" data-plan-id=\"\" type=\"button\" disabled>\n                                <span class=\"snailclub-btn-text\">Recevoir &quot;Fragments&quot; pendant un an<\/span>\n                                <span class=\"snailclub-btn-loading\" style=\"display:none;\">Redirection\u2026<\/span>\n                            <\/button>\n                        <\/div>\n                    <\/div>\n                    \n                    \n                <\/div>\n                <p class=\"snailclub-cfg-unavailable\" style=\"display:none;\">\n                    \u26a0\ufe0f Cette combinaison n'est pas disponible.                <\/p>\n            <\/div>\n\n            <!-- Back button \u2014 shown from step 2, sits above legal text -->\n            <button class=\"snailclub-cfg-back\" type=\"button\" style=\"display:none;\">&lt; Modifier ma s\u00e9lection<\/button>\n\n                        <p class=\"snailclub-legal\">Paiement s\u00e9curis\u00e9 par Stripe. Annulation possible \u00e0 tout moment.<\/p>\n                    <\/div>\n        <\/div>\n\t\t\t\t\t\t<\/div>\n\t\t\t\t<\/div>\n\t\t\t\t<\/div>\n\t\t\t\t\t<\/div>\n\t\t\t\t<\/div>\n\t\t\t\t<\/div>\n\t\t","protected":false},"excerpt":{"rendered":"<p>Il est urgent de ralentir. Parce qu&rsquo;\u00e0 trop courir on s&rsquo;essouffle. Et j&rsquo;ai un sifflement au c\u0153ur depuis de trop longues ann\u00e9es. Pour tout vous dire, cela fait maintenant 6 ans que je vous \u00e9cris. Et qu&rsquo;apr\u00e8s m&rsquo;\u00eatre dit que je le faisais mal sur papier, 6 ans que je vous parle. 6 ans que [&hellip;]<\/p>\n","protected":false},"author":1,"featured_media":0,"parent":0,"menu_order":0,"comment_status":"closed","ping_status":"closed","template":"","meta":{"footnotes":""},"class_list":["post-309","page","type-page","status-publish","hentry"],"_links":{"self":[{"href":"https:\/\/vaguealame.com\/en\/wp-json\/wp\/v2\/pages\/309","targetHints":{"allow":["GET"]}}],"collection":[{"href":"https:\/\/vaguealame.com\/en\/wp-json\/wp\/v2\/pages"}],"about":[{"href":"https:\/\/vaguealame.com\/en\/wp-json\/wp\/v2\/types\/page"}],"author":[{"embeddable":true,"href":"https:\/\/vaguealame.com\/en\/wp-json\/wp\/v2\/users\/1"}],"replies":[{"embeddable":true,"href":"https:\/\/vaguealame.com\/en\/wp-json\/wp\/v2\/comments?post=309"}],"version-history":[{"count":31,"href":"https:\/\/vaguealame.com\/en\/wp-json\/wp\/v2\/pages\/309\/revisions"}],"predecessor-version":[{"id":366,"href":"https:\/\/vaguealame.com\/en\/wp-json\/wp\/v2\/pages\/309\/revisions\/366"}],"wp:attachment":[{"href":"https:\/\/vaguealame.com\/en\/wp-json\/wp\/v2\/media?parent=309"}],"curies":[{"name":"wp","href":"https:\/\/api.w.org\/{rel}","templated":true}]}}